{"id":15595,"date":"2026-01-05T12:08:22","date_gmt":"2026-01-05T11:08:22","guid":{"rendered":"https:\/\/motard-design.com\/?post_type=product&#038;p=15595"},"modified":"2026-01-11T09:18:08","modified_gmt":"2026-01-11T08:18:08","slug":"rtech-kryty-tlmicov-rm-125-250-1999-2003-white","status":"publish","type":"product","link":"https:\/\/motard-design.com\/de\/product\/rtech-kryty-tlmicov-rm-125-250-1999-2003-white\/","title":{"rendered":"Rtech kryty tlmi\u010dov RM 125-250 1999-2003 White"},"content":{"rendered":"<div class=\"wpb-content-wrapper\"><p>[vc_row][vc_column][vc_column_text css=&#8220;&#8220; woodmart_inline=&#8220;no&#8220; text_larger=&#8220;no&#8220;]<b>KRYTY TLMI\u010cOV PRE MOTOCYKLE:<\/b><br \/>\nSuzuki RM 125-250 1999-2003<\/p>\n<p><b>V\u00ddROBCA:<\/b><br \/>\nR-Tech<br \/>\nTento taliansky v\u00fdrobca je jedn\u00fdm z najv\u00e4\u010d\u0161\u00edch svetov\u00fdch v\u00fdrobcov plastov\u00fdch s\u00e1d pre motocross a enduro. Spolo\u010dnos\u0165 R-Tech dod\u00e1va svoje v\u00fdrobky viacer\u00fdm v\u00fdznamn\u00fdm t\u00edmom v Eur\u00f3pe a aj na celom svete. T\u00e1to tov\u00e1rensk\u00e1 replika plastov pon\u00faka skvel\u00e9 zapasovanie a pevnos\u0165 origin\u00e1lnych plastov vr\u00e1tane odoln\u00e9ho povrchu, ktor\u00fd zost\u00e1va leskl\u00fd a vyzer\u00e1 skvele po dlh\u00fa dobu.[\/vc_column_text][\/vc_column][\/vc_row]<\/p>\n<\/div>","protected":false},"excerpt":{"rendered":"<p>[vc_row][vc_column][vc_column_text css=&#8220;&#8220; woodmart_inline=&#8220;no&#8220; text_larger=&#8220;no&#8220;]KRYTY TLMI\u010cOV PRE MOTOCYKLE: Suzuki RM 125-250 1999-2003 V\u00ddROBCA: R-Tech Tento taliansky v\u00fdrobca je jedn\u00fdm z najv\u00e4\u010d\u0161\u00edch<\/p>\n","protected":false},"featured_media":15596,"template":"","meta":{"_acf_changed":false},"product_brand":[],"product_cat":[101],"product_tag":[],"class_list":{"0":"post-15595","1":"product","2":"type-product","3":"status-publish","4":"has-post-thumbnail","6":"product_cat-plasty-pre-suzuki","8":"first","9":"instock","10":"sold-individually","11":"taxable","12":"shipping-taxable","13":"purchasable","14":"product-type-simple"},"acf":[],"yoast_head":"<!-- This site is optimized with the Yoast SEO Premium plugin v26.9 (Yoast SEO v26.9) - https:\/\/yoast.com\/product\/yoast-seo-premium-wordpress\/ -->\n<title>Rtech kryty tlmi\u010dov RM 125-250 1999-2003 White - Motard Design<\/title>\n<meta name=\"description\" content=\"R-Tech je jedn\u00fdm z najv\u00e4\u010d\u0161\u00edch svetov\u00fdch v\u00fdrobcov plastov\u00fdch s\u00e1d pre motocross a enduro, dod\u00e1va svoje v\u00fdrobky viacer\u00fdm v\u00fdznamn\u00fdm t\u00edmom po celom svete.\" \/>\n<meta name=\"robots\" content=\"index, follow, max-snippet:-1, max-image-preview:large, max-video-preview:-1\" \/>\n<link rel=\"canonical\" href=\"https:\/\/motard-design.com\/produkt\/rtech-kryty-tlmicov-rm-125-250-1999-2003-white\/\" \/>\n<meta property=\"og:locale\" content=\"de_DE\" \/>\n<meta property=\"og:type\" content=\"article\" \/>\n<meta property=\"og:title\" content=\"Rtech kryty tlmi\u010dov RM 125-250 1999-2003 White\" \/>\n<meta property=\"og:description\" content=\"R-Tech je jedn\u00fdm z najv\u00e4\u010d\u0161\u00edch svetov\u00fdch v\u00fdrobcov plastov\u00fdch s\u00e1d pre motocross a enduro, dod\u00e1va svoje v\u00fdrobky viacer\u00fdm v\u00fdznamn\u00fdm t\u00edmom po celom svete.\" \/>\n<meta property=\"og:url\" content=\"https:\/\/motard-design.com\/produkt\/rtech-kryty-tlmicov-rm-125-250-1999-2003-white\/\" \/>\n<meta property=\"og:site_name\" content=\"Motard Design\" \/>\n<meta property=\"article:modified_time\" content=\"2026-01-11T08:18:08+00:00\" \/>\n<meta property=\"og:image\" content=\"https:\/\/motard-design.com\/wp-content\/uploads\/2026\/01\/Kryty-tlmicov-RM-125-250-1999-2003-White.jpg\" \/>\n\t<meta property=\"og:image:width\" content=\"910\" \/>\n\t<meta property=\"og:image:height\" content=\"1155\" \/>\n\t<meta property=\"og:image:type\" content=\"image\/jpeg\" \/>\n<meta name=\"twitter:card\" content=\"summary_large_image\" \/>\n<meta name=\"twitter:label1\" content=\"Preis\" \/>\n\t<meta name=\"twitter:data1\" content=\"29,00&nbsp;&euro;\" \/>\n\t<meta name=\"twitter:label2\" content=\"Verf\u00fcgbarkeit\" \/>\n\t<meta name=\"twitter:data2\" content=\"Auf Lager\" \/>\n<script type=\"application\/ld+json\" class=\"yoast-schema-graph\">{\"@context\":\"https:\/\/schema.org\",\"@graph\":[{\"@type\":\"WebPage\",\"@id\":\"https:\/\/motard-design.com\/produkt\/rtech-kryty-tlmicov-rm-125-250-1999-2003-white\/\",\"url\":\"https:\/\/motard-design.com\/produkt\/rtech-kryty-tlmicov-rm-125-250-1999-2003-white\/\",\"name\":\"Rtech kryty tlmi\u010dov RM 125-250 1999-2003 White - Motard Design\",\"isPartOf\":{\"@id\":\"https:\/\/motard-design.com\/#website\"},\"primaryImageOfPage\":{\"@id\":\"https:\/\/motard-design.com\/produkt\/rtech-kryty-tlmicov-rm-125-250-1999-2003-white\/#primaryimage\"},\"image\":{\"@id\":\"https:\/\/motard-design.com\/produkt\/rtech-kryty-tlmicov-rm-125-250-1999-2003-white\/#primaryimage\"},\"thumbnailUrl\":\"https:\/\/motard-design.com\/wp-content\/uploads\/2026\/01\/Kryty-tlmicov-RM-125-250-1999-2003-White.jpg\",\"datePublished\":\"2026-01-05T11:08:22+00:00\",\"dateModified\":\"2026-01-11T08:18:08+00:00\",\"description\":\"R-Tech je jedn\u00fdm z najv\u00e4\u010d\u0161\u00edch svetov\u00fdch v\u00fdrobcov plastov\u00fdch s\u00e1d pre motocross a enduro, dod\u00e1va svoje v\u00fdrobky viacer\u00fdm v\u00fdznamn\u00fdm t\u00edmom po celom svete.\",\"breadcrumb\":{\"@id\":\"https:\/\/motard-design.com\/produkt\/rtech-kryty-tlmicov-rm-125-250-1999-2003-white\/#breadcrumb\"},\"inLanguage\":\"de\",\"potentialAction\":[{\"@type\":\"ReadAction\",\"target\":[\"https:\/\/motard-design.com\/produkt\/rtech-kryty-tlmicov-rm-125-250-1999-2003-white\/\"]}]},{\"@type\":\"ImageObject\",\"inLanguage\":\"de\",\"@id\":\"https:\/\/motard-design.com\/produkt\/rtech-kryty-tlmicov-rm-125-250-1999-2003-white\/#primaryimage\",\"url\":\"https:\/\/motard-design.com\/wp-content\/uploads\/2026\/01\/Kryty-tlmicov-RM-125-250-1999-2003-White.jpg\",\"contentUrl\":\"https:\/\/motard-design.com\/wp-content\/uploads\/2026\/01\/Kryty-tlmicov-RM-125-250-1999-2003-White.jpg\",\"width\":910,\"height\":1155},{\"@type\":\"BreadcrumbList\",\"@id\":\"https:\/\/motard-design.com\/produkt\/rtech-kryty-tlmicov-rm-125-250-1999-2003-white\/#breadcrumb\",\"itemListElement\":[{\"@type\":\"ListItem\",\"position\":1,\"name\":\"Domovsk\u00e1 str\u00e1nka\",\"item\":\"https:\/\/motard-design.com\/de\/\"},{\"@type\":\"ListItem\",\"position\":2,\"name\":\"Shop\",\"item\":\"https:\/\/motard-design.com\/de\/shop\/\"},{\"@type\":\"ListItem\",\"position\":3,\"name\":\"Rtech kryty tlmi\u010dov RM 125-250 1999-2003 White\"}]},{\"@type\":\"WebSite\",\"@id\":\"https:\/\/motard-design.com\/#website\",\"url\":\"https:\/\/motard-design.com\/\",\"name\":\"Motard Design\",\"description\":\"Motocross Graphics Decals\",\"potentialAction\":[{\"@type\":\"SearchAction\",\"target\":{\"@type\":\"EntryPoint\",\"urlTemplate\":\"https:\/\/motard-design.com\/?s={search_term_string}\"},\"query-input\":{\"@type\":\"PropertyValueSpecification\",\"valueRequired\":true,\"valueName\":\"search_term_string\"}}],\"inLanguage\":\"de\"}]}<\/script>\n<meta property=\"product:price:amount\" content=\"29.00\" \/>\n<meta property=\"product:price:currency\" content=\"EUR\" \/>\n<meta property=\"og:availability\" content=\"instock\" \/>\n<meta property=\"product:availability\" content=\"instock\" \/>\n<meta property=\"product:condition\" content=\"new\" \/>\n<!-- \/ Yoast SEO Premium plugin. -->","yoast_head_json":{"title":"Rtech kryty tlmi\u010dov RM 125-250 1999-2003 White - Motard Design","description":"R-Tech je jedn\u00fdm z najv\u00e4\u010d\u0161\u00edch svetov\u00fdch v\u00fdrobcov plastov\u00fdch s\u00e1d pre motocross a enduro, dod\u00e1va svoje v\u00fdrobky viacer\u00fdm v\u00fdznamn\u00fdm t\u00edmom po celom svete.","robots":{"index":"index","follow":"follow","max-snippet":"max-snippet:-1","max-image-preview":"max-image-preview:large","max-video-preview":"max-video-preview:-1"},"canonical":"https:\/\/motard-design.com\/produkt\/rtech-kryty-tlmicov-rm-125-250-1999-2003-white\/","og_locale":"de_DE","og_type":"article","og_title":"Rtech kryty tlmi\u010dov RM 125-250 1999-2003 White","og_description":"R-Tech je jedn\u00fdm z najv\u00e4\u010d\u0161\u00edch svetov\u00fdch v\u00fdrobcov plastov\u00fdch s\u00e1d pre motocross a enduro, dod\u00e1va svoje v\u00fdrobky viacer\u00fdm v\u00fdznamn\u00fdm t\u00edmom po celom svete.","og_url":"https:\/\/motard-design.com\/produkt\/rtech-kryty-tlmicov-rm-125-250-1999-2003-white\/","og_site_name":"Motard Design","article_modified_time":"2026-01-11T08:18:08+00:00","og_image":[{"width":910,"height":1155,"url":"https:\/\/motard-design.com\/wp-content\/uploads\/2026\/01\/Kryty-tlmicov-RM-125-250-1999-2003-White.jpg","type":"image\/jpeg"}],"twitter_card":"summary_large_image","twitter_misc":{"Preis":"29,00&nbsp;&euro;","Verf\u00fcgbarkeit":"Auf Lager"},"schema":{"@context":"https:\/\/schema.org","@graph":[{"@type":"WebPage","@id":"https:\/\/motard-design.com\/produkt\/rtech-kryty-tlmicov-rm-125-250-1999-2003-white\/","url":"https:\/\/motard-design.com\/produkt\/rtech-kryty-tlmicov-rm-125-250-1999-2003-white\/","name":"Rtech kryty tlmi\u010dov RM 125-250 1999-2003 White - Motard Design","isPartOf":{"@id":"https:\/\/motard-design.com\/#website"},"primaryImageOfPage":{"@id":"https:\/\/motard-design.com\/produkt\/rtech-kryty-tlmicov-rm-125-250-1999-2003-white\/#primaryimage"},"image":{"@id":"https:\/\/motard-design.com\/produkt\/rtech-kryty-tlmicov-rm-125-250-1999-2003-white\/#primaryimage"},"thumbnailUrl":"https:\/\/motard-design.com\/wp-content\/uploads\/2026\/01\/Kryty-tlmicov-RM-125-250-1999-2003-White.jpg","datePublished":"2026-01-05T11:08:22+00:00","dateModified":"2026-01-11T08:18:08+00:00","description":"R-Tech je jedn\u00fdm z najv\u00e4\u010d\u0161\u00edch svetov\u00fdch v\u00fdrobcov plastov\u00fdch s\u00e1d pre motocross a enduro, dod\u00e1va svoje v\u00fdrobky viacer\u00fdm v\u00fdznamn\u00fdm t\u00edmom po celom svete.","breadcrumb":{"@id":"https:\/\/motard-design.com\/produkt\/rtech-kryty-tlmicov-rm-125-250-1999-2003-white\/#breadcrumb"},"inLanguage":"de","potentialAction":[{"@type":"ReadAction","target":["https:\/\/motard-design.com\/produkt\/rtech-kryty-tlmicov-rm-125-250-1999-2003-white\/"]}]},{"@type":"ImageObject","inLanguage":"de","@id":"https:\/\/motard-design.com\/produkt\/rtech-kryty-tlmicov-rm-125-250-1999-2003-white\/#primaryimage","url":"https:\/\/motard-design.com\/wp-content\/uploads\/2026\/01\/Kryty-tlmicov-RM-125-250-1999-2003-White.jpg","contentUrl":"https:\/\/motard-design.com\/wp-content\/uploads\/2026\/01\/Kryty-tlmicov-RM-125-250-1999-2003-White.jpg","width":910,"height":1155},{"@type":"BreadcrumbList","@id":"https:\/\/motard-design.com\/produkt\/rtech-kryty-tlmicov-rm-125-250-1999-2003-white\/#breadcrumb","itemListElement":[{"@type":"ListItem","position":1,"name":"Domovsk\u00e1 str\u00e1nka","item":"https:\/\/motard-design.com\/de\/"},{"@type":"ListItem","position":2,"name":"Shop","item":"https:\/\/motard-design.com\/de\/shop\/"},{"@type":"ListItem","position":3,"name":"Rtech kryty tlmi\u010dov RM 125-250 1999-2003 White"}]},{"@type":"WebSite","@id":"https:\/\/motard-design.com\/#website","url":"https:\/\/motard-design.com\/","name":"Motard Design","description":"Motocross Graphics Decals","potentialAction":[{"@type":"SearchAction","target":{"@type":"EntryPoint","urlTemplate":"https:\/\/motard-design.com\/?s={search_term_string}"},"query-input":{"@type":"PropertyValueSpecification","valueRequired":true,"valueName":"search_term_string"}}],"inLanguage":"de"}]},"product_price_amount":"29.00","product_price_currency":"EUR","og_availability":"instock","product_availability":"instock","product_condition":"new"},"_links":{"self":[{"href":"https:\/\/motard-design.com\/de\/wp-json\/wp\/v2\/product\/15595","targetHints":{"allow":["GET"]}}],"collection":[{"href":"https:\/\/motard-design.com\/de\/wp-json\/wp\/v2\/product"}],"about":[{"href":"https:\/\/motard-design.com\/de\/wp-json\/wp\/v2\/types\/product"}],"wp:featuredmedia":[{"embeddable":true,"href":"https:\/\/motard-design.com\/de\/wp-json\/wp\/v2\/media\/15596"}],"wp:attachment":[{"href":"https:\/\/motard-design.com\/de\/wp-json\/wp\/v2\/media?parent=15595"}],"wp:term":[{"taxonomy":"product_brand","embeddable":true,"href":"https:\/\/motard-design.com\/de\/wp-json\/wp\/v2\/product_brand?post=15595"},{"taxonomy":"product_cat","embeddable":true,"href":"https:\/\/motard-design.com\/de\/wp-json\/wp\/v2\/product_cat?post=15595"},{"taxonomy":"product_tag","embeddable":true,"href":"https:\/\/motard-design.com\/de\/wp-json\/wp\/v2\/product_tag?post=15595"}],"curies":[{"name":"wp","href":"https:\/\/api.w.org\/{rel}","templated":true}]}}