{"id":18085,"date":"2026-01-24T19:31:26","date_gmt":"2026-01-24T18:31:26","guid":{"rendered":"https:\/\/motard-design.com\/?post_type=product&#038;p=18085"},"modified":"2026-02-14T10:14:06","modified_gmt":"2026-02-14T09:14:06","slug":"polepy-na-ducati-multistrada-v2-v4-15","status":"publish","type":"product","link":"https:\/\/motard-design.com\/de\/product\/polepy-na-ducati-multistrada-v2-v4-15\/","title":{"rendered":"grafick\u00e1 sada pre Ducati Multistrada V2 \/ V4"},"content":{"rendered":"<div id=\"popisprodukt\" class=\"popisusss\">\n<div id=\"popisprodukt\" class=\"popisusss\">\n<h5 style=\"text-align: center;\"><strong>INFORM\u00c1CIE:<\/strong><\/h5>\n<p style=\"text-align: center;\">V\u00fdmena jedn\u00e9ho loga, \u0161tartovn\u00e9 \u010d\u00edslo a meno jazdca s\u00fa bez \u010fal\u0161\u00edch poplatkov, t\u00e1to slu\u017eba je u n\u00e1s zahrnut\u00e1 v cene ka\u017ed\u00e9ho polepu. Odosielame do 24 hod\u00edn po zaplaten\u00ed\/schv\u00e1len\u00ed dizajnu. Dizajn na mieru bude vytvoren\u00fd pod\u013ea po\u017eiadaviek z\u00e1kazn\u00edka a pred tla\u010dou bude odoslan\u00fd na jeho e-mailov\u00fa adresu na schv\u00e1lenie.<\/p>\n<h5 style=\"text-align: center;\"><strong>PROCES OBJEDN\u00c1VKY:<\/strong><\/h5>\n<p style=\"text-align: center;\">Po prijat\u00ed objedn\u00e1vky a schv\u00e1len\u00ed dizajnu bud\u00fa polepy vyroben\u00e9 a dodan\u00e9 s najvy\u0161\u0161ou prioritou. Z\u00e1sielka je obvykle odoslan\u00e1 do 24 hod\u00edn po zaplaten\u00ed\/schv\u00e1len\u00ed a mala by by\u0165 doru\u010den\u00e1 kuri\u00e9rom n\u00e1sleduj\u00faci pracovn\u00fd de\u0148.<\/p>\n<h5 style=\"text-align: center;\"><strong>KVALITA:<\/strong><\/h5>\n<p style=\"text-align: center;\">Pou\u017e\u00edvame len tie najkvalitnej\u0161ie materi\u00e1ly dostupn\u00e9 na trhu s FLO technol\u00f3giou (bezbublinkov\u00e1 aplik\u00e1cia polepov). V\u0161etky na\u0161e grafick\u00e9 n\u00e1vrhy s\u00fa tla\u010den\u00e9 pomocou vysokokvalitn\u00e9ho DPI a laminovan\u00e9 z najodolnej\u0161\u00edch materi\u00e1lov na trhu. Na v\u00fdber s\u00fa klasick\u00e9, alebo fullchrome materi\u00e1ly (povrchov\u00e1 \u00faprava je na v\u00fdber z\u00a0 lesklej, matnej, frozen alebo zlat\u00fdch\/strieborn\u00fdch trblietok).<\/p>\n<\/div>\n<h5 style=\"text-align: center;\"><strong>POZN\u00c1MKA:<\/strong><\/h5>\n<p style=\"text-align: center;\">Tento v\u00fdrobok nie je origin\u00e1lnym produktom zna\u010dky motocykla (v\u00fdrobca je Motard Design). Kone\u010dn\u00fd dizajn s farbami nemus\u00ed by\u0165 presne toto\u017en\u00fd s dizajnom na fotografii produktu.<\/p>\n<h5 style=\"text-align: center;\"><strong>IN\u0160TAL\u00c1CIA:<\/strong><\/h5>\n<p style=\"text-align: center;\"><span class=\"HwtZe\" lang=\"sk\"><span class=\"jCAhz ChMk0b\"><span class=\"ryNqvb\">Pred za\u010dat\u00edm sa uisti, \u017ee tvoja grafika je vhodn\u00e1 pre tvoj motocykel.<\/span><\/span> <span class=\"jCAhz ChMk0b\"><span class=\"ryNqvb\">Ak sa vyskytn\u00fa nejak\u00e9 probl\u00e9my, kontaktuj n\u00e1s e-mailom e\u0161te pred lepen\u00edm.<\/span><\/span> <span class=\"jCAhz ChMk0b\"><span class=\"ryNqvb\">Po\u0161li n\u00e1m presn\u00e9 info na adresu info@motard-design.com so v\u0161etk\u00fdmi podrobnos\u0165ami tvojej objedn\u00e1vky.<\/span><\/span> <\/span><\/p>\n<p style=\"text-align: center;\"><span class=\"HwtZe\" lang=\"sk\"><span class=\"jCAhz ChMk0b\"><span class=\"ryNqvb\"><strong>1.<\/strong> Odstr\u00e1\u0148 star\u00fa grafiku alebo n\u00e1lepky<\/span><\/span><span class=\"jCAhz ChMk0b\"><span class=\"ryNqvb\">\u00a0pou\u017eit\u00edm technick\u00e9ho benz\u00ednu. <\/span><\/span><span class=\"jCAhz ChMk0b\"><span class=\"ryNqvb\">Rozklad\u00e1 chemik\u00e1lie v lepidl\u00e1ch a po nieko\u013ek\u00fdch min\u00fatach sa odpar\u00ed (j<\/span><\/span><span class=\"jCAhz\"><span class=\"ryNqvb\">e d\u00f4le\u017eit\u00e9, aby si odstr\u00e1nil v\u0161etko star\u00e9 lepidlo).<\/span><\/span> <span class=\"jCAhz ChMk0b\"><span class=\"ryNqvb\">Nakoniec vy\u010disti v\u0161etky mastn\u00e9 povrchy.<\/span><\/span>\u00a0<span class=\"jCAhz ChMk0b\"><span class=\"ryNqvb\">Na lepiacu stranu n\u00e1lepiek NEPOU\u017d\u00cdVAJ VODU, n\u00e1lepky sa lepia na sucho.<\/span><\/span>\u00a0<span class=\"jCAhz ChMk0b\"><span class=\"ryNqvb\">Odpor\u00fa\u010dam ti za\u010da\u0165 s in\u0161tal\u00e1ciou n\u00e1lepiek na malej \u010dasti motocykla, ako je napr\u00edklad kyvn\u00e1 vidlica alebo blatn\u00edky, aby si z\u00edskal \u201eskill\u201c, ako to urobi\u0165 spr\u00e1vne.<\/span><\/span> <\/span><\/p>\n<p style=\"text-align: center;\"><span class=\"HwtZe\" lang=\"sk\"><span class=\"jCAhz ChMk0b\"><span class=\"ryNqvb\"><strong>2.<\/strong> Najprv odlep k\u00fasok podkladov\u00e9ho papiera, asi 10 cm, prelo\u017e ho dozadu a papier odstrihni.<\/span><\/span> <span class=\"jCAhz ChMk0b\"><span class=\"ryNqvb\">Potom umiestni n\u00e1lepku na pr\u00edslu\u0161n\u00fa \u010das\u0165 motocykla a jemne ju zatla\u010d na miesto.<\/span><\/span> <span class=\"jCAhz\"><span class=\"ryNqvb\">Potom skontroluj rozlo\u017eenie n\u00e1lepky, \u010di dobre pasuje na v\u0161etk\u00fdch stran\u00e1ch (s<\/span><\/span><span class=\"jCAhz ChMk0b\"><span class=\"ryNqvb\">kontroluj otvory pre \u0161r\u00f3by a vetracie otvory).<\/span><\/span> <span class=\"jCAhz ChMk0b\"><span class=\"ryNqvb\">N\u00e1lepky s\u00fa do istej miery tvarovate\u013en\u00e9, ak trochu &#8222;odbo\u010d\u00ed\u0161&#8220;, m\u00f4\u017ee\u0161 n\u00e1lepku natiahnu\u0165 sp\u00e4\u0165 do roviny alebo dokonca pou\u017ei\u0165 teplo z f\u00e9nu, n\u00e1lepka zm\u00e4kne a d\u00e1 sa jemne tvarova\u0165. <\/span><\/span><\/span><\/p>\n<p style=\"text-align: center;\"><span class=\"HwtZe\" lang=\"sk\"><span class=\"jCAhz ChMk0b\"><span class=\"ryNqvb\"><strong>3.<\/strong> Venuj zvl\u00e1\u0161tnu pozornos\u0165 okrajom. Toto s\u00fa hlavn\u00e9 \u010dasti, ktor\u00e9 treba tesne pred lepen\u00edm nahria\u0165, inak bude n\u00e1lepka &#8222;tvrd\u00e1&#8220; a nep\u00f4jde dobre ohn\u00fa\u0165 za hranu. Dbaj na to, aby si sa \u010do najmenej dot\u00fdkal lepiacej strany grafiky. Ke\u010f je grafika \u00faplne nalepen\u00e1, v\u0161etko pevne pritla\u010d. <\/span><\/span><\/span><\/p>\n<p style=\"text-align: center;\"><span class=\"HwtZe\" lang=\"sk\"><span class=\"jCAhz ChMk0b\"><span class=\"ryNqvb\"><strong>4.<\/strong> Ke\u010f je v\u0161etko hotov\u00e9, zaparkuj motorku, 48 hod\u00edn je minimum na vytvrdnutie lepidla. Sna\u017e sa udr\u017eiava\u0165 motorku v stabilnom teplotnom rozsahu &#8211; odpor\u00fa\u010dan\u00e1 teplota je +20 \u00b0C. V pr\u00edpade odliepaj\u00faceho sa kraja, zober f\u00e9n, nahrej n\u00e1lepku a znova pritla\u010d.<\/span><\/span><\/span><\/p>\n<\/div>\n","protected":false},"excerpt":{"rendered":"<p>INFORM\u00c1CIE: V\u00fdmena jedn\u00e9ho loga, \u0161tartovn\u00e9 \u010d\u00edslo a meno jazdca s\u00fa bez \u010fal\u0161\u00edch poplatkov, t\u00e1to slu\u017eba je u n\u00e1s zahrnut\u00e1 v<\/p>\n","protected":false},"featured_media":19813,"template":"","meta":{"_acf_changed":false},"product_brand":[],"product_cat":[396],"product_tag":[],"class_list":{"0":"post-18085","1":"product","2":"type-product","3":"status-publish","4":"has-post-thumbnail","6":"product_cat-ducati-multistrada","8":"first","9":"instock","10":"sold-individually","11":"taxable","12":"shipping-taxable","13":"purchasable","14":"product-type-simple"},"acf":[],"yoast_head":"<!-- This site is optimized with the Yoast SEO Premium plugin v26.9 (Yoast SEO v26.9) - https:\/\/yoast.com\/product\/yoast-seo-premium-wordpress\/ -->\n<title>grafick\u00e1 sada pre motocykel Ducati Multistrada - premiov\u00e1 kvalita - Motard Design<\/title>\n<meta name=\"description\" content=\"grafick\u00e1 sada na motocykel Ducati Multistrada V2 \/ V4, expresn\u00e9 dodanie, vlastn\u00fd dizajn na mieru\" \/>\n<meta name=\"robots\" content=\"index, follow, max-snippet:-1, max-image-preview:large, max-video-preview:-1\" \/>\n<link rel=\"canonical\" href=\"https:\/\/motard-design.com\/produkt\/polepy-na-ducati-multistrada-v2-v4-15\/\" \/>\n<meta property=\"og:locale\" content=\"de_DE\" \/>\n<meta property=\"og:type\" content=\"article\" \/>\n<meta property=\"og:title\" content=\"grafick\u00e1 sada pre Ducati Multistrada V2 \/ V4\" \/>\n<meta property=\"og:description\" content=\"grafick\u00e1 sada na motocykel Ducati Multistrada V2 \/ V4, expresn\u00e9 dodanie, vlastn\u00fd dizajn na mieru\" \/>\n<meta property=\"og:url\" content=\"https:\/\/motard-design.com\/produkt\/polepy-na-ducati-multistrada-v2-v4-15\/\" \/>\n<meta property=\"og:site_name\" content=\"Motard Design\" \/>\n<meta property=\"article:modified_time\" content=\"2026-02-14T09:14:06+00:00\" \/>\n<meta property=\"og:image\" content=\"https:\/\/motard-design.com\/wp-content\/uploads\/2026\/01\/Ducati-Multistrada-21.jpg\" \/>\n\t<meta property=\"og:image:width\" content=\"2018\" \/>\n\t<meta property=\"og:image:height\" content=\"1342\" \/>\n\t<meta property=\"og:image:type\" content=\"image\/jpeg\" \/>\n<meta name=\"twitter:card\" content=\"summary_large_image\" \/>\n<meta name=\"twitter:label1\" content=\"Preis\" \/>\n\t<meta name=\"twitter:data1\" content=\"219,90&nbsp;&euro;\" \/>\n\t<meta name=\"twitter:label2\" content=\"Verf\u00fcgbarkeit\" \/>\n\t<meta name=\"twitter:data2\" content=\"Auf Lager\" \/>\n<script type=\"application\/ld+json\" class=\"yoast-schema-graph\">{\"@context\":\"https:\/\/schema.org\",\"@graph\":[{\"@type\":\"WebPage\",\"@id\":\"https:\/\/motard-design.com\/produkt\/polepy-na-ducati-multistrada-v2-v4-15\/\",\"url\":\"https:\/\/motard-design.com\/produkt\/polepy-na-ducati-multistrada-v2-v4-15\/\",\"name\":\"grafick\u00e1 sada pre motocykel Ducati Multistrada - premiov\u00e1 kvalita - Motard Design\",\"isPartOf\":{\"@id\":\"https:\/\/motard-design.com\/#website\"},\"primaryImageOfPage\":{\"@id\":\"https:\/\/motard-design.com\/produkt\/polepy-na-ducati-multistrada-v2-v4-15\/#primaryimage\"},\"image\":{\"@id\":\"https:\/\/motard-design.com\/produkt\/polepy-na-ducati-multistrada-v2-v4-15\/#primaryimage\"},\"thumbnailUrl\":\"https:\/\/motard-design.com\/wp-content\/uploads\/2026\/01\/Ducati-Multistrada-21.jpg\",\"datePublished\":\"2026-01-24T18:31:26+00:00\",\"dateModified\":\"2026-02-14T09:14:06+00:00\",\"description\":\"grafick\u00e1 sada na motocykel Ducati Multistrada V2 \/ V4, expresn\u00e9 dodanie, vlastn\u00fd dizajn na mieru\",\"breadcrumb\":{\"@id\":\"https:\/\/motard-design.com\/produkt\/polepy-na-ducati-multistrada-v2-v4-15\/#breadcrumb\"},\"inLanguage\":\"de\",\"potentialAction\":[{\"@type\":\"ReadAction\",\"target\":[\"https:\/\/motard-design.com\/produkt\/polepy-na-ducati-multistrada-v2-v4-15\/\"]}]},{\"@type\":\"ImageObject\",\"inLanguage\":\"de\",\"@id\":\"https:\/\/motard-design.com\/produkt\/polepy-na-ducati-multistrada-v2-v4-15\/#primaryimage\",\"url\":\"https:\/\/motard-design.com\/wp-content\/uploads\/2026\/01\/Ducati-Multistrada-21.jpg\",\"contentUrl\":\"https:\/\/motard-design.com\/wp-content\/uploads\/2026\/01\/Ducati-Multistrada-21.jpg\",\"width\":2018,\"height\":1342},{\"@type\":\"BreadcrumbList\",\"@id\":\"https:\/\/motard-design.com\/produkt\/polepy-na-ducati-multistrada-v2-v4-15\/#breadcrumb\",\"itemListElement\":[{\"@type\":\"ListItem\",\"position\":1,\"name\":\"Domovsk\u00e1 str\u00e1nka\",\"item\":\"https:\/\/motard-design.com\/de\/\"},{\"@type\":\"ListItem\",\"position\":2,\"name\":\"Shop\",\"item\":\"https:\/\/motard-design.com\/de\/shop\/\"},{\"@type\":\"ListItem\",\"position\":3,\"name\":\"grafick\u00e1 sada pre Ducati Multistrada V2 \/ V4\"}]},{\"@type\":\"WebSite\",\"@id\":\"https:\/\/motard-design.com\/#website\",\"url\":\"https:\/\/motard-design.com\/\",\"name\":\"Motard Design\",\"description\":\"Motocross Graphics Decals\",\"potentialAction\":[{\"@type\":\"SearchAction\",\"target\":{\"@type\":\"EntryPoint\",\"urlTemplate\":\"https:\/\/motard-design.com\/?s={search_term_string}\"},\"query-input\":{\"@type\":\"PropertyValueSpecification\",\"valueRequired\":true,\"valueName\":\"search_term_string\"}}],\"inLanguage\":\"de\"}]}<\/script>\n<meta property=\"product:price:amount\" content=\"219.90\" \/>\n<meta property=\"product:price:currency\" content=\"EUR\" \/>\n<meta property=\"og:availability\" content=\"instock\" \/>\n<meta property=\"product:availability\" content=\"instock\" \/>\n<meta property=\"product:condition\" content=\"new\" \/>\n<!-- \/ Yoast SEO Premium plugin. -->","yoast_head_json":{"title":"grafick\u00e1 sada pre motocykel Ducati Multistrada - premiov\u00e1 kvalita - Motard Design","description":"grafick\u00e1 sada na motocykel Ducati Multistrada V2 \/ V4, expresn\u00e9 dodanie, vlastn\u00fd dizajn na mieru","robots":{"index":"index","follow":"follow","max-snippet":"max-snippet:-1","max-image-preview":"max-image-preview:large","max-video-preview":"max-video-preview:-1"},"canonical":"https:\/\/motard-design.com\/produkt\/polepy-na-ducati-multistrada-v2-v4-15\/","og_locale":"de_DE","og_type":"article","og_title":"grafick\u00e1 sada pre Ducati Multistrada V2 \/ V4","og_description":"grafick\u00e1 sada na motocykel Ducati Multistrada V2 \/ V4, expresn\u00e9 dodanie, vlastn\u00fd dizajn na mieru","og_url":"https:\/\/motard-design.com\/produkt\/polepy-na-ducati-multistrada-v2-v4-15\/","og_site_name":"Motard Design","article_modified_time":"2026-02-14T09:14:06+00:00","og_image":[{"width":2018,"height":1342,"url":"https:\/\/motard-design.com\/wp-content\/uploads\/2026\/01\/Ducati-Multistrada-21.jpg","type":"image\/jpeg"}],"twitter_card":"summary_large_image","twitter_misc":{"Preis":"219,90&nbsp;&euro;","Verf\u00fcgbarkeit":"Auf Lager"},"schema":{"@context":"https:\/\/schema.org","@graph":[{"@type":"WebPage","@id":"https:\/\/motard-design.com\/produkt\/polepy-na-ducati-multistrada-v2-v4-15\/","url":"https:\/\/motard-design.com\/produkt\/polepy-na-ducati-multistrada-v2-v4-15\/","name":"grafick\u00e1 sada pre motocykel Ducati Multistrada - premiov\u00e1 kvalita - Motard Design","isPartOf":{"@id":"https:\/\/motard-design.com\/#website"},"primaryImageOfPage":{"@id":"https:\/\/motard-design.com\/produkt\/polepy-na-ducati-multistrada-v2-v4-15\/#primaryimage"},"image":{"@id":"https:\/\/motard-design.com\/produkt\/polepy-na-ducati-multistrada-v2-v4-15\/#primaryimage"},"thumbnailUrl":"https:\/\/motard-design.com\/wp-content\/uploads\/2026\/01\/Ducati-Multistrada-21.jpg","datePublished":"2026-01-24T18:31:26+00:00","dateModified":"2026-02-14T09:14:06+00:00","description":"grafick\u00e1 sada na motocykel Ducati Multistrada V2 \/ V4, expresn\u00e9 dodanie, vlastn\u00fd dizajn na mieru","breadcrumb":{"@id":"https:\/\/motard-design.com\/produkt\/polepy-na-ducati-multistrada-v2-v4-15\/#breadcrumb"},"inLanguage":"de","potentialAction":[{"@type":"ReadAction","target":["https:\/\/motard-design.com\/produkt\/polepy-na-ducati-multistrada-v2-v4-15\/"]}]},{"@type":"ImageObject","inLanguage":"de","@id":"https:\/\/motard-design.com\/produkt\/polepy-na-ducati-multistrada-v2-v4-15\/#primaryimage","url":"https:\/\/motard-design.com\/wp-content\/uploads\/2026\/01\/Ducati-Multistrada-21.jpg","contentUrl":"https:\/\/motard-design.com\/wp-content\/uploads\/2026\/01\/Ducati-Multistrada-21.jpg","width":2018,"height":1342},{"@type":"BreadcrumbList","@id":"https:\/\/motard-design.com\/produkt\/polepy-na-ducati-multistrada-v2-v4-15\/#breadcrumb","itemListElement":[{"@type":"ListItem","position":1,"name":"Domovsk\u00e1 str\u00e1nka","item":"https:\/\/motard-design.com\/de\/"},{"@type":"ListItem","position":2,"name":"Shop","item":"https:\/\/motard-design.com\/de\/shop\/"},{"@type":"ListItem","position":3,"name":"grafick\u00e1 sada pre Ducati Multistrada V2 \/ V4"}]},{"@type":"WebSite","@id":"https:\/\/motard-design.com\/#website","url":"https:\/\/motard-design.com\/","name":"Motard Design","description":"Motocross Graphics Decals","potentialAction":[{"@type":"SearchAction","target":{"@type":"EntryPoint","urlTemplate":"https:\/\/motard-design.com\/?s={search_term_string}"},"query-input":{"@type":"PropertyValueSpecification","valueRequired":true,"valueName":"search_term_string"}}],"inLanguage":"de"}]},"product_price_amount":"219.90","product_price_currency":"EUR","og_availability":"instock","product_availability":"instock","product_condition":"new"},"_links":{"self":[{"href":"https:\/\/motard-design.com\/de\/wp-json\/wp\/v2\/product\/18085","targetHints":{"allow":["GET"]}}],"collection":[{"href":"https:\/\/motard-design.com\/de\/wp-json\/wp\/v2\/product"}],"about":[{"href":"https:\/\/motard-design.com\/de\/wp-json\/wp\/v2\/types\/product"}],"wp:featuredmedia":[{"embeddable":true,"href":"https:\/\/motard-design.com\/de\/wp-json\/wp\/v2\/media\/19813"}],"wp:attachment":[{"href":"https:\/\/motard-design.com\/de\/wp-json\/wp\/v2\/media?parent=18085"}],"wp:term":[{"taxonomy":"product_brand","embeddable":true,"href":"https:\/\/motard-design.com\/de\/wp-json\/wp\/v2\/product_brand?post=18085"},{"taxonomy":"product_cat","embeddable":true,"href":"https:\/\/motard-design.com\/de\/wp-json\/wp\/v2\/product_cat?post=18085"},{"taxonomy":"product_tag","embeddable":true,"href":"https:\/\/motard-design.com\/de\/wp-json\/wp\/v2\/product_tag?post=18085"}],"curies":[{"name":"wp","href":"https:\/\/api.w.org\/{rel}","templated":true}]}}