{"id":22735,"date":"2022-12-09T14:07:08","date_gmt":"2022-12-09T13:07:08","guid":{"rendered":"https:\/\/motard-design.com\/produkt\/graphics-kit-for-kawasaki-replica\/"},"modified":"2026-03-17T09:37:34","modified_gmt":"2026-03-17T08:37:34","slug":"grafik-kit-fur-kawasaki-replica","status":"publish","type":"product","link":"https:\/\/motard-design.com\/de\/product\/grafik-kit-fur-kawasaki-replica\/","title":{"rendered":"grafikkit f\u00fcr KAWASAKI &#8211; REPLICA"},"content":{"rendered":"<div id=\"popisprodukt\" class=\"popisusss\">\n<div id=\"popisprodukt\" class=\"popisusss\">\n<h5 style=\"text-align: center;\"><strong>INFO:<\/strong><\/h5>\n<p style=\"text-align: center;\">Das Ersetzen eines Logos, der Startnummer und des Fahrernamens ist kostenlos und im Preis jedes Aufklebers enthalten. Wir versenden innerhalb von 24 Stunden nach Zahlungseingang\/Designfreigabe. Das individuelle Design wird nach Kundenwunsch erstellt und vor dem Druck zur Freigabe per E-Mail zugesandt.<\/p>\n<h5 style=\"text-align: center;\"><strong>PROZESS DER BESTELLUNG:<\/strong><\/h5>\n<p style=\"text-align: center;\">Sobald Ihre Bestellung eingegangen und Ihr Design freigegeben ist, werden Ihre Aufkleber mit h\u00f6chster Priorit\u00e4t gefertigt und versendet. Ihre Bestellung wird in der Regel innerhalb von 24 Stunden nach Zahlungseingang\/Freigabe versendet und sollte am folgenden Werktag per Kurier eintreffen.<\/p>\n<h5 style=\"text-align: center;\"><strong>QUALIT\u00c4T:<\/strong><\/h5>\n<p style=\"text-align: center;\">Wir verwenden nur die hochwertigsten auf dem Markt erh\u00e4ltlichen Materialien mit FLO-Technologie (blasenfreie Anbringung von Aufklebern). Alle unsere Grafiken werden mit hochaufl\u00f6sendem Druckverfahren (DPI) gedruckt und mit den haltbarsten Materialien auf dem Markt laminiert. Sie haben die Wahl zwischen klassischen und vollverchromten Oberfl\u00e4chen (gl\u00e4nzend, matt, frostig oder mit Gold-\/Silberglitzer).<\/p>\n<\/div>\n<h5 style=\"text-align: center;\"><strong>NOTIZ:<\/strong><\/h5>\n<p style=\"text-align: center;\">Bei diesem Produkt handelt es sich nicht um ein Originalprodukt der Motorradmarke (Hersteller ist Motard Design). Das endg\u00fcltige Design mit den Farben kann vom Design auf dem Produktfoto abweichen.<\/p>\n<h5 style=\"text-align: center;\"><strong>INSTALLATION:<\/strong><\/h5>\n<p style=\"text-align: center;\"><span class=\"HwtZe\" lang=\"sk\"><span class=\"jCAhz ChMk0b\"><span class=\"ryNqvb\">Bevor Sie beginnen, vergewissern Sie sich, dass Ihre Grafiken f\u00fcr Ihr Motorrad geeignet sind.<\/span><\/span> <span class=\"jCAhz ChMk0b\"><span class=\"ryNqvb\">Sollten Probleme auftreten, kontaktieren Sie uns bitte vor dem Verkleben per E-Mail.<\/span><\/span> <span class=\"jCAhz ChMk0b\"><span class=\"ryNqvb\">Senden Sie uns genaue Informationen mit allen Details Ihrer Bestellung an info@motard-design.com.<\/span><\/span> <\/span><\/p>\n<p style=\"text-align: center;\"><span class=\"HwtZe\" lang=\"sk\">1. Entfernen Sie alte Aufkleber oder Grafiken mit Terpentinersatz. Dieser l\u00f6st die Chemikalien im Klebstoff und verdunstet nach wenigen Minuten (es ist wichtig, den gesamten alten Klebstoff zu entfernen). Reinigen Sie anschlie\u00dfend alle \u00f6ligen Oberfl\u00e4chen. Verwenden Sie KEIN Wasser auf der Klebeseite der Aufkleber, da diese trocken haften. Ich empfehle, zun\u00e4chst die Aufkleber an einem kleinen Teil des Motorrads, wie z. B. der Schwinge oder den Schutzblechen, anzubringen, um die richtige Technik zu erlernen. <\/span><\/p>\n<p style=\"text-align: center;\"><span class=\"HwtZe\" lang=\"sk\">2. Ziehen Sie zun\u00e4chst ein ca. 10 cm langes St\u00fcck Tr\u00e4gerpapier ab, falten Sie es zur\u00fcck und schneiden Sie es ab. Platzieren Sie den Aufkleber anschlie\u00dfend an der gew\u00fcnschten Stelle am Motorrad und dr\u00fccken Sie ihn leicht an. \u00dcberpr\u00fcfen Sie dann die Position des Aufklebers, um sicherzustellen, dass er an allen Seiten gut sitzt (achten Sie dabei auf die Schrauben- und L\u00fcftungsl\u00f6cher). Die Aufkleber sind etwas biegsam. Wenn Sie sie leicht biegen, k\u00f6nnen Sie sie wieder glatt streichen oder mit einem F\u00f6hn erw\u00e4rmen. Dadurch wird der Aufkleber weicher und l\u00e4sst sich vorsichtig formen. <\/span><\/p>\n<p style=\"text-align: center;\"><span class=\"HwtZe\" lang=\"sk\"><span class=\"jCAhz ChMk0b\"><span class=\"ryNqvb\">3. Achten Sie besonders auf die Kanten. Diese Stellen m\u00fcssen vor dem Aufkleben unbedingt erw\u00e4rmt werden, da der Aufkleber sonst \u201ehart\u201c wird und sich nicht gut um die Kanten biegen l\u00e4sst.<\/span><\/span><\/span><\/p>\n<p style=\"text-align: center;\">Achten Sie darauf, die Klebeseite der Grafik so wenig wie m\u00f6glich zu ber\u00fchren. Sobald die Grafik vollst\u00e4ndig angebracht ist, dr\u00fccken Sie alles fest an.<\/p>\n<p style=\"text-align: center;\">\n<p style=\"text-align: center;\"><span class=\"HwtZe\" lang=\"sk\"><span class=\"jCAhz ChMk0b\"><span class=\"ryNqvb\">4. Nach dem Anbringen des Klebers das Fahrrad abstellen. Der Kleber ben\u00f6tigt mindestens 48 Stunden zum Aush\u00e4rten. Das Fahrrad sollte m\u00f6glichst bei einer konstanten Temperatur von +20 \u00b0C gelagert werden. Falls sich ein Rand des Aufklebers abl\u00f6st, diesen mit einem F\u00f6hn erw\u00e4rmen und erneut andr\u00fccken.<\/span><\/span><\/span><\/p>\n<p style=\"text-align: center;\">\n<\/div>\n","protected":false},"excerpt":{"rendered":"<p>INFO: Das Ersetzen eines Logos, der Startnummer und des Fahrernamens ist kostenlos und im Preis jedes Aufklebers enthalten. Wir versenden<\/p>\n","protected":false},"featured_media":9057,"template":"","meta":{"_acf_changed":false},"product_brand":[],"product_cat":[243,156],"product_tag":[],"class_list":{"0":"post-22735","1":"product","2":"type-product","3":"status-publish","4":"has-post-thumbnail","6":"product_cat-grafik-fur-kawasaki","7":"product_cat-mx-enduro","9":"first","10":"instock","11":"sold-individually","12":"taxable","13":"shipping-taxable","14":"purchasable","15":"product-type-simple"},"acf":[],"yoast_head":"<!-- This site is optimized with the Yoast SEO Premium plugin v26.9 (Yoast SEO v26.9) - https:\/\/yoast.com\/product\/yoast-seo-premium-wordpress\/ -->\n<title>Kawasaki Motorrad-Dekor-Kit \u2013 Premium-Qualit\u00e4t<\/title>\n<meta name=\"description\" content=\"Grafikset f\u00fcr alle Kawasaki-Motorr\u00e4der, Expressversand, individuelles Design\" \/>\n<meta name=\"robots\" content=\"index, follow, max-snippet:-1, max-image-preview:large, max-video-preview:-1\" \/>\n<link rel=\"canonical\" href=\"https:\/\/motard-design.com\/de\/product\/grafik-kit-fur-kawasaki-replica\/\" \/>\n<meta property=\"og:locale\" content=\"de_DE\" \/>\n<meta property=\"og:type\" content=\"article\" \/>\n<meta property=\"og:title\" content=\"grafikkit f\u00fcr KAWASAKI - REPLICA\" \/>\n<meta property=\"og:description\" content=\"Grafikset f\u00fcr alle Kawasaki-Motorr\u00e4der, Expressversand, individuelles Design\" \/>\n<meta property=\"og:url\" content=\"https:\/\/motard-design.com\/de\/product\/grafik-kit-fur-kawasaki-replica\/\" \/>\n<meta property=\"og:site_name\" content=\"Motard Design\" \/>\n<meta property=\"article:modified_time\" content=\"2026-03-17T08:37:34+00:00\" \/>\n<meta property=\"og:image\" content=\"https:\/\/motard-design.com\/wp-content\/uploads\/2022\/12\/kx_Replica_0-kawasaki-graphics-kit-by-motard-design-decals-stickers-motocross-mx-enduro-motox-eshop-buy-cheap-top-quality-europe.jpg\" \/>\n\t<meta property=\"og:image:width\" content=\"1800\" \/>\n\t<meta property=\"og:image:height\" content=\"1200\" \/>\n\t<meta property=\"og:image:type\" content=\"image\/jpeg\" \/>\n<meta name=\"twitter:card\" content=\"summary_large_image\" \/>\n<meta name=\"twitter:label1\" content=\"Preis\" \/>\n\t<meta name=\"twitter:data1\" content=\"129,90&nbsp;&euro;\" \/>\n\t<meta name=\"twitter:label2\" content=\"Verf\u00fcgbarkeit\" \/>\n\t<meta name=\"twitter:data2\" content=\"Auf Lager\" \/>\n<script type=\"application\/ld+json\" class=\"yoast-schema-graph\">{\"@context\":\"https:\/\/schema.org\",\"@graph\":[{\"@type\":\"WebPage\",\"@id\":\"https:\/\/motard-design.com\/de\/product\/grafik-kit-fur-kawasaki-replica\/\",\"url\":\"https:\/\/motard-design.com\/de\/product\/grafik-kit-fur-kawasaki-replica\/\",\"name\":\"Kawasaki Motorrad-Dekor-Kit \u2013 Premium-Qualit\u00e4t\",\"isPartOf\":{\"@id\":\"https:\/\/motard-design.com\/#website\"},\"primaryImageOfPage\":{\"@id\":\"https:\/\/motard-design.com\/de\/product\/grafik-kit-fur-kawasaki-replica\/#primaryimage\"},\"image\":{\"@id\":\"https:\/\/motard-design.com\/de\/product\/grafik-kit-fur-kawasaki-replica\/#primaryimage\"},\"thumbnailUrl\":\"https:\/\/motard-design.com\/wp-content\/uploads\/2022\/12\/kx_Replica_0-kawasaki-graphics-kit-by-motard-design-decals-stickers-motocross-mx-enduro-motox-eshop-buy-cheap-top-quality-europe.jpg\",\"datePublished\":\"2022-12-09T13:07:08+00:00\",\"dateModified\":\"2026-03-17T08:37:34+00:00\",\"description\":\"Grafikset f\u00fcr alle Kawasaki-Motorr\u00e4der, Expressversand, individuelles Design\",\"breadcrumb\":{\"@id\":\"https:\/\/motard-design.com\/de\/product\/grafik-kit-fur-kawasaki-replica\/#breadcrumb\"},\"inLanguage\":\"de\",\"potentialAction\":[{\"@type\":\"ReadAction\",\"target\":[\"https:\/\/motard-design.com\/de\/product\/grafik-kit-fur-kawasaki-replica\/\"]}]},{\"@type\":\"ImageObject\",\"inLanguage\":\"de\",\"@id\":\"https:\/\/motard-design.com\/de\/product\/grafik-kit-fur-kawasaki-replica\/#primaryimage\",\"url\":\"https:\/\/motard-design.com\/wp-content\/uploads\/2022\/12\/kx_Replica_0-kawasaki-graphics-kit-by-motard-design-decals-stickers-motocross-mx-enduro-motox-eshop-buy-cheap-top-quality-europe.jpg\",\"contentUrl\":\"https:\/\/motard-design.com\/wp-content\/uploads\/2022\/12\/kx_Replica_0-kawasaki-graphics-kit-by-motard-design-decals-stickers-motocross-mx-enduro-motox-eshop-buy-cheap-top-quality-europe.jpg\",\"width\":1800,\"height\":1200,\"caption\":\"kx_Replica_0-kawasaki-graphics-kit-by-motard-design-decals-stickers-motocross-mx-enduro-motox-eshop-buy-cheap-top-quality-europe\"},{\"@type\":\"BreadcrumbList\",\"@id\":\"https:\/\/motard-design.com\/de\/product\/grafik-kit-fur-kawasaki-replica\/#breadcrumb\",\"itemListElement\":[{\"@type\":\"ListItem\",\"position\":1,\"name\":\"Domovsk\u00e1 str\u00e1nka\",\"item\":\"https:\/\/motard-design.com\/de\/\"},{\"@type\":\"ListItem\",\"position\":2,\"name\":\"Shop\",\"item\":\"https:\/\/motard-design.com\/de\/shop\/\"},{\"@type\":\"ListItem\",\"position\":3,\"name\":\"grafikkit f\u00fcr KAWASAKI &#8211; REPLICA\"}]},{\"@type\":\"WebSite\",\"@id\":\"https:\/\/motard-design.com\/#website\",\"url\":\"https:\/\/motard-design.com\/\",\"name\":\"Motard Design\",\"description\":\"Motocross Graphics Decals\",\"potentialAction\":[{\"@type\":\"SearchAction\",\"target\":{\"@type\":\"EntryPoint\",\"urlTemplate\":\"https:\/\/motard-design.com\/?s={search_term_string}\"},\"query-input\":{\"@type\":\"PropertyValueSpecification\",\"valueRequired\":true,\"valueName\":\"search_term_string\"}}],\"inLanguage\":\"de\"}]}<\/script>\n<meta property=\"product:price:amount\" content=\"129.90\" \/>\n<meta property=\"product:price:currency\" content=\"EUR\" \/>\n<meta property=\"og:availability\" content=\"instock\" \/>\n<meta property=\"product:availability\" content=\"instock\" \/>\n<meta property=\"product:condition\" content=\"new\" \/>\n<!-- \/ Yoast SEO Premium plugin. -->","yoast_head_json":{"title":"Kawasaki Motorrad-Dekor-Kit \u2013 Premium-Qualit\u00e4t","description":"Grafikset f\u00fcr alle Kawasaki-Motorr\u00e4der, Expressversand, individuelles Design","robots":{"index":"index","follow":"follow","max-snippet":"max-snippet:-1","max-image-preview":"max-image-preview:large","max-video-preview":"max-video-preview:-1"},"canonical":"https:\/\/motard-design.com\/de\/product\/grafik-kit-fur-kawasaki-replica\/","og_locale":"de_DE","og_type":"article","og_title":"grafikkit f\u00fcr KAWASAKI - REPLICA","og_description":"Grafikset f\u00fcr alle Kawasaki-Motorr\u00e4der, Expressversand, individuelles Design","og_url":"https:\/\/motard-design.com\/de\/product\/grafik-kit-fur-kawasaki-replica\/","og_site_name":"Motard Design","article_modified_time":"2026-03-17T08:37:34+00:00","og_image":[{"width":1800,"height":1200,"url":"https:\/\/motard-design.com\/wp-content\/uploads\/2022\/12\/kx_Replica_0-kawasaki-graphics-kit-by-motard-design-decals-stickers-motocross-mx-enduro-motox-eshop-buy-cheap-top-quality-europe.jpg","type":"image\/jpeg"}],"twitter_card":"summary_large_image","twitter_misc":{"Preis":"129,90&nbsp;&euro;","Verf\u00fcgbarkeit":"Auf Lager"},"schema":{"@context":"https:\/\/schema.org","@graph":[{"@type":"WebPage","@id":"https:\/\/motard-design.com\/de\/product\/grafik-kit-fur-kawasaki-replica\/","url":"https:\/\/motard-design.com\/de\/product\/grafik-kit-fur-kawasaki-replica\/","name":"Kawasaki Motorrad-Dekor-Kit \u2013 Premium-Qualit\u00e4t","isPartOf":{"@id":"https:\/\/motard-design.com\/#website"},"primaryImageOfPage":{"@id":"https:\/\/motard-design.com\/de\/product\/grafik-kit-fur-kawasaki-replica\/#primaryimage"},"image":{"@id":"https:\/\/motard-design.com\/de\/product\/grafik-kit-fur-kawasaki-replica\/#primaryimage"},"thumbnailUrl":"https:\/\/motard-design.com\/wp-content\/uploads\/2022\/12\/kx_Replica_0-kawasaki-graphics-kit-by-motard-design-decals-stickers-motocross-mx-enduro-motox-eshop-buy-cheap-top-quality-europe.jpg","datePublished":"2022-12-09T13:07:08+00:00","dateModified":"2026-03-17T08:37:34+00:00","description":"Grafikset f\u00fcr alle Kawasaki-Motorr\u00e4der, Expressversand, individuelles Design","breadcrumb":{"@id":"https:\/\/motard-design.com\/de\/product\/grafik-kit-fur-kawasaki-replica\/#breadcrumb"},"inLanguage":"de","potentialAction":[{"@type":"ReadAction","target":["https:\/\/motard-design.com\/de\/product\/grafik-kit-fur-kawasaki-replica\/"]}]},{"@type":"ImageObject","inLanguage":"de","@id":"https:\/\/motard-design.com\/de\/product\/grafik-kit-fur-kawasaki-replica\/#primaryimage","url":"https:\/\/motard-design.com\/wp-content\/uploads\/2022\/12\/kx_Replica_0-kawasaki-graphics-kit-by-motard-design-decals-stickers-motocross-mx-enduro-motox-eshop-buy-cheap-top-quality-europe.jpg","contentUrl":"https:\/\/motard-design.com\/wp-content\/uploads\/2022\/12\/kx_Replica_0-kawasaki-graphics-kit-by-motard-design-decals-stickers-motocross-mx-enduro-motox-eshop-buy-cheap-top-quality-europe.jpg","width":1800,"height":1200,"caption":"kx_Replica_0-kawasaki-graphics-kit-by-motard-design-decals-stickers-motocross-mx-enduro-motox-eshop-buy-cheap-top-quality-europe"},{"@type":"BreadcrumbList","@id":"https:\/\/motard-design.com\/de\/product\/grafik-kit-fur-kawasaki-replica\/#breadcrumb","itemListElement":[{"@type":"ListItem","position":1,"name":"Domovsk\u00e1 str\u00e1nka","item":"https:\/\/motard-design.com\/de\/"},{"@type":"ListItem","position":2,"name":"Shop","item":"https:\/\/motard-design.com\/de\/shop\/"},{"@type":"ListItem","position":3,"name":"grafikkit f\u00fcr KAWASAKI &#8211; REPLICA"}]},{"@type":"WebSite","@id":"https:\/\/motard-design.com\/#website","url":"https:\/\/motard-design.com\/","name":"Motard Design","description":"Motocross Graphics Decals","potentialAction":[{"@type":"SearchAction","target":{"@type":"EntryPoint","urlTemplate":"https:\/\/motard-design.com\/?s={search_term_string}"},"query-input":{"@type":"PropertyValueSpecification","valueRequired":true,"valueName":"search_term_string"}}],"inLanguage":"de"}]},"product_price_amount":"129.90","product_price_currency":"EUR","og_availability":"instock","product_availability":"instock","product_condition":"new"},"_links":{"self":[{"href":"https:\/\/motard-design.com\/de\/wp-json\/wp\/v2\/product\/22735","targetHints":{"allow":["GET"]}}],"collection":[{"href":"https:\/\/motard-design.com\/de\/wp-json\/wp\/v2\/product"}],"about":[{"href":"https:\/\/motard-design.com\/de\/wp-json\/wp\/v2\/types\/product"}],"wp:featuredmedia":[{"embeddable":true,"href":"https:\/\/motard-design.com\/de\/wp-json\/wp\/v2\/media\/9057"}],"wp:attachment":[{"href":"https:\/\/motard-design.com\/de\/wp-json\/wp\/v2\/media?parent=22735"}],"wp:term":[{"taxonomy":"product_brand","embeddable":true,"href":"https:\/\/motard-design.com\/de\/wp-json\/wp\/v2\/product_brand?post=22735"},{"taxonomy":"product_cat","embeddable":true,"href":"https:\/\/motard-design.com\/de\/wp-json\/wp\/v2\/product_cat?post=22735"},{"taxonomy":"product_tag","embeddable":true,"href":"https:\/\/motard-design.com\/de\/wp-json\/wp\/v2\/product_tag?post=22735"}],"curies":[{"name":"wp","href":"https:\/\/api.w.org\/{rel}","templated":true}]}}