{"id":22894,"date":"2026-01-05T21:24:29","date_gmt":"2026-01-05T20:24:29","guid":{"rendered":"https:\/\/motard-design.com\/produkt\/sada-skrutiek-na-plasty-suzuki-rmz-450-2018-2026-rmz-250-2019-2026\/"},"modified":"2026-03-13T08:47:00","modified_gmt":"2026-03-13T07:47:00","slug":"sada-skrutiek-na-plasty-suzuki-rmz-450-2018-2026-rmz-250-2019-2026","status":"publish","type":"product","link":"https:\/\/motard-design.com\/de\/product\/sada-skrutiek-na-plasty-suzuki-rmz-450-2018-2026-rmz-250-2019-2026\/","title":{"rendered":"Sada skrutiek na plasty Suzuki RMZ 450 2018-2026 RMZ 250 2019-2026"},"content":{"rendered":"<div class=\"wpb-content-wrapper\"><p>[vc_row][vc_column][vc_column_text css=&#8220;&#8220; woodmart_inline=&#8220;no&#8220; text_larger=&#8220;no&#8220;]<b>SADA SKRUTIEK PRE MOTOCYKLE:<\/b><\/p>\n<p>Suzuki RMZ 450 2018-2026<\/p>\n<p>Suzuki RMZ 250 2019-2026<\/p>\n<p><b>V\u00ddROBCA:<\/b><\/p>\n<p><b>ZAP Technix<\/b><\/p>\n<p>Sada obsahuje skrutky na tieto plasty:<br \/>\nPredn\u00fd+zadn\u00fd blatn\u00edk<br \/>\nPredn\u00e1 tabu\u013eka<br \/>\nN\u00e1dr\u017eov\u00e9 plasty<br \/>\nZadn\u00e9 tabu\u013eky<br \/>\nKryty tlmi\u010dov<br \/>\nVyroben\u00e9 z kvalitn\u00e9ho materi\u00e1lu!<br \/>\nMade in USA.[\/vc_column_text][\/vc_column][\/vc_row]<\/p>\n<\/div>","protected":false},"excerpt":{"rendered":"<p>[vc_row][vc_column][vc_column_text css=&#8220;&#8220; woodmart_inline=&#8220;no&#8220; text_larger=&#8220;no&#8220;]SADA SKRUTIEK PRE MOTOCYKLE: Suzuki RMZ 450 2018-2026 Suzuki RMZ 250 2019-2026 V\u00ddROBCA: ZAP Technix Sada obsahuje<\/p>\n","protected":false},"featured_media":15795,"template":"","meta":{"_acf_changed":false},"product_brand":[],"product_cat":[234],"product_tag":[],"class_list":{"0":"post-22894","1":"product","2":"type-product","3":"status-publish","4":"has-post-thumbnail","6":"product_cat-suzuki-kunststoffe","8":"first","9":"instock","10":"sold-individually","11":"taxable","12":"shipping-taxable","13":"purchasable","14":"product-type-simple"},"acf":[],"yoast_head":"<!-- This site is optimized with the Yoast SEO Premium plugin v26.9 (Yoast SEO v26.9) - https:\/\/yoast.com\/product\/yoast-seo-premium-wordpress\/ -->\n<title>Sada skrutiek na plasty Suzuki RMZ 450 2018-2026 RMZ 250 2019-2026 - Motard Design<\/title>\n<meta name=\"robots\" content=\"index, follow, max-snippet:-1, max-image-preview:large, max-video-preview:-1\" \/>\n<link rel=\"canonical\" href=\"https:\/\/motard-design.com\/de\/product\/sada-skrutiek-na-plasty-suzuki-rmz-450-2018-2026-rmz-250-2019-2026\/\" \/>\n<meta property=\"og:locale\" content=\"de_DE\" \/>\n<meta property=\"og:type\" content=\"article\" \/>\n<meta property=\"og:title\" content=\"Sada skrutiek na plasty Suzuki RMZ 450 2018-2026 RMZ 250 2019-2026\" \/>\n<meta property=\"og:description\" content=\"[vc_row][vc_column][vc_column_text css=&#8220;&#8220; woodmart_inline=&#8220;no&#8220; text_larger=&#8220;no&#8220;]SADA SKRUTIEK PRE MOTOCYKLE: Suzuki RMZ 450 2018-2026 Suzuki RMZ 250 2019-2026 V\u00ddROBCA: ZAP Technix Sada obsahuje\" \/>\n<meta property=\"og:url\" content=\"https:\/\/motard-design.com\/de\/product\/sada-skrutiek-na-plasty-suzuki-rmz-450-2018-2026-rmz-250-2019-2026\/\" \/>\n<meta property=\"og:site_name\" content=\"Motard Design\" \/>\n<meta property=\"article:modified_time\" content=\"2026-03-13T07:47:00+00:00\" \/>\n<meta property=\"og:image\" content=\"https:\/\/motard-design.com\/wp-content\/uploads\/2026\/02\/web.jpg\" \/>\n\t<meta property=\"og:image:width\" content=\"1153\" \/>\n\t<meta property=\"og:image:height\" content=\"769\" \/>\n\t<meta property=\"og:image:type\" content=\"image\/jpeg\" \/>\n<meta name=\"twitter:card\" content=\"summary_large_image\" \/>\n<meta name=\"twitter:label1\" content=\"Preis\" \/>\n\t<meta name=\"twitter:data1\" content=\"25,00&nbsp;&euro;\" \/>\n\t<meta name=\"twitter:label2\" content=\"Verf\u00fcgbarkeit\" \/>\n\t<meta name=\"twitter:data2\" content=\"Auf Lager\" \/>\n<script type=\"application\/ld+json\" class=\"yoast-schema-graph\">{\"@context\":\"https:\/\/schema.org\",\"@graph\":[{\"@type\":\"WebPage\",\"@id\":\"https:\/\/motard-design.com\/de\/product\/sada-skrutiek-na-plasty-suzuki-rmz-450-2018-2026-rmz-250-2019-2026\/\",\"url\":\"https:\/\/motard-design.com\/de\/product\/sada-skrutiek-na-plasty-suzuki-rmz-450-2018-2026-rmz-250-2019-2026\/\",\"name\":\"Sada skrutiek na plasty Suzuki RMZ 450 2018-2026 RMZ 250 2019-2026 - Motard Design\",\"isPartOf\":{\"@id\":\"https:\/\/motard-design.com\/#website\"},\"primaryImageOfPage\":{\"@id\":\"https:\/\/motard-design.com\/de\/product\/sada-skrutiek-na-plasty-suzuki-rmz-450-2018-2026-rmz-250-2019-2026\/#primaryimage\"},\"image\":{\"@id\":\"https:\/\/motard-design.com\/de\/product\/sada-skrutiek-na-plasty-suzuki-rmz-450-2018-2026-rmz-250-2019-2026\/#primaryimage\"},\"thumbnailUrl\":\"https:\/\/motard-design.com\/wp-content\/uploads\/2026\/01\/Sada-skrutiek-na-plasty-Suzuki-RMZ-450-2018-2026-RMZ-250-2019-2026.jpg\",\"datePublished\":\"2026-01-05T20:24:29+00:00\",\"dateModified\":\"2026-03-13T07:47:00+00:00\",\"breadcrumb\":{\"@id\":\"https:\/\/motard-design.com\/de\/product\/sada-skrutiek-na-plasty-suzuki-rmz-450-2018-2026-rmz-250-2019-2026\/#breadcrumb\"},\"inLanguage\":\"de\",\"potentialAction\":[{\"@type\":\"ReadAction\",\"target\":[\"https:\/\/motard-design.com\/de\/product\/sada-skrutiek-na-plasty-suzuki-rmz-450-2018-2026-rmz-250-2019-2026\/\"]}]},{\"@type\":\"ImageObject\",\"inLanguage\":\"de\",\"@id\":\"https:\/\/motard-design.com\/de\/product\/sada-skrutiek-na-plasty-suzuki-rmz-450-2018-2026-rmz-250-2019-2026\/#primaryimage\",\"url\":\"https:\/\/motard-design.com\/wp-content\/uploads\/2026\/01\/Sada-skrutiek-na-plasty-Suzuki-RMZ-450-2018-2026-RMZ-250-2019-2026.jpg\",\"contentUrl\":\"https:\/\/motard-design.com\/wp-content\/uploads\/2026\/01\/Sada-skrutiek-na-plasty-Suzuki-RMZ-450-2018-2026-RMZ-250-2019-2026.jpg\",\"width\":910,\"height\":1155},{\"@type\":\"BreadcrumbList\",\"@id\":\"https:\/\/motard-design.com\/de\/product\/sada-skrutiek-na-plasty-suzuki-rmz-450-2018-2026-rmz-250-2019-2026\/#breadcrumb\",\"itemListElement\":[{\"@type\":\"ListItem\",\"position\":1,\"name\":\"Domovsk\u00e1 str\u00e1nka\",\"item\":\"https:\/\/motard-design.com\/de\/\"},{\"@type\":\"ListItem\",\"position\":2,\"name\":\"Shop\",\"item\":\"https:\/\/motard-design.com\/de\/shop\/\"},{\"@type\":\"ListItem\",\"position\":3,\"name\":\"Sada skrutiek na plasty Suzuki RMZ 450 2018-2026 RMZ 250 2019-2026\"}]},{\"@type\":\"WebSite\",\"@id\":\"https:\/\/motard-design.com\/#website\",\"url\":\"https:\/\/motard-design.com\/\",\"name\":\"Motard Design\",\"description\":\"Motocross Graphics Decals\",\"potentialAction\":[{\"@type\":\"SearchAction\",\"target\":{\"@type\":\"EntryPoint\",\"urlTemplate\":\"https:\/\/motard-design.com\/?s={search_term_string}\"},\"query-input\":{\"@type\":\"PropertyValueSpecification\",\"valueRequired\":true,\"valueName\":\"search_term_string\"}}],\"inLanguage\":\"de\"}]}<\/script>\n<meta property=\"product:price:amount\" content=\"25.00\" \/>\n<meta property=\"product:price:currency\" content=\"EUR\" \/>\n<meta property=\"og:availability\" content=\"instock\" \/>\n<meta property=\"product:availability\" content=\"instock\" \/>\n<meta property=\"product:condition\" content=\"new\" \/>\n<!-- \/ Yoast SEO Premium plugin. -->","yoast_head_json":{"title":"Sada skrutiek na plasty Suzuki RMZ 450 2018-2026 RMZ 250 2019-2026 - Motard Design","robots":{"index":"index","follow":"follow","max-snippet":"max-snippet:-1","max-image-preview":"max-image-preview:large","max-video-preview":"max-video-preview:-1"},"canonical":"https:\/\/motard-design.com\/de\/product\/sada-skrutiek-na-plasty-suzuki-rmz-450-2018-2026-rmz-250-2019-2026\/","og_locale":"de_DE","og_type":"article","og_title":"Sada skrutiek na plasty Suzuki RMZ 450 2018-2026 RMZ 250 2019-2026","og_description":"[vc_row][vc_column][vc_column_text css=&#8220;&#8220; woodmart_inline=&#8220;no&#8220; text_larger=&#8220;no&#8220;]SADA SKRUTIEK PRE MOTOCYKLE: Suzuki RMZ 450 2018-2026 Suzuki RMZ 250 2019-2026 V\u00ddROBCA: ZAP Technix Sada obsahuje","og_url":"https:\/\/motard-design.com\/de\/product\/sada-skrutiek-na-plasty-suzuki-rmz-450-2018-2026-rmz-250-2019-2026\/","og_site_name":"Motard Design","article_modified_time":"2026-03-13T07:47:00+00:00","og_image":[{"width":1153,"height":769,"url":"https:\/\/motard-design.com\/wp-content\/uploads\/2026\/02\/web.jpg","type":"image\/jpeg"}],"twitter_card":"summary_large_image","twitter_misc":{"Preis":"25,00&nbsp;&euro;","Verf\u00fcgbarkeit":"Auf Lager"},"schema":{"@context":"https:\/\/schema.org","@graph":[{"@type":"WebPage","@id":"https:\/\/motard-design.com\/de\/product\/sada-skrutiek-na-plasty-suzuki-rmz-450-2018-2026-rmz-250-2019-2026\/","url":"https:\/\/motard-design.com\/de\/product\/sada-skrutiek-na-plasty-suzuki-rmz-450-2018-2026-rmz-250-2019-2026\/","name":"Sada skrutiek na plasty Suzuki RMZ 450 2018-2026 RMZ 250 2019-2026 - Motard Design","isPartOf":{"@id":"https:\/\/motard-design.com\/#website"},"primaryImageOfPage":{"@id":"https:\/\/motard-design.com\/de\/product\/sada-skrutiek-na-plasty-suzuki-rmz-450-2018-2026-rmz-250-2019-2026\/#primaryimage"},"image":{"@id":"https:\/\/motard-design.com\/de\/product\/sada-skrutiek-na-plasty-suzuki-rmz-450-2018-2026-rmz-250-2019-2026\/#primaryimage"},"thumbnailUrl":"https:\/\/motard-design.com\/wp-content\/uploads\/2026\/01\/Sada-skrutiek-na-plasty-Suzuki-RMZ-450-2018-2026-RMZ-250-2019-2026.jpg","datePublished":"2026-01-05T20:24:29+00:00","dateModified":"2026-03-13T07:47:00+00:00","breadcrumb":{"@id":"https:\/\/motard-design.com\/de\/product\/sada-skrutiek-na-plasty-suzuki-rmz-450-2018-2026-rmz-250-2019-2026\/#breadcrumb"},"inLanguage":"de","potentialAction":[{"@type":"ReadAction","target":["https:\/\/motard-design.com\/de\/product\/sada-skrutiek-na-plasty-suzuki-rmz-450-2018-2026-rmz-250-2019-2026\/"]}]},{"@type":"ImageObject","inLanguage":"de","@id":"https:\/\/motard-design.com\/de\/product\/sada-skrutiek-na-plasty-suzuki-rmz-450-2018-2026-rmz-250-2019-2026\/#primaryimage","url":"https:\/\/motard-design.com\/wp-content\/uploads\/2026\/01\/Sada-skrutiek-na-plasty-Suzuki-RMZ-450-2018-2026-RMZ-250-2019-2026.jpg","contentUrl":"https:\/\/motard-design.com\/wp-content\/uploads\/2026\/01\/Sada-skrutiek-na-plasty-Suzuki-RMZ-450-2018-2026-RMZ-250-2019-2026.jpg","width":910,"height":1155},{"@type":"BreadcrumbList","@id":"https:\/\/motard-design.com\/de\/product\/sada-skrutiek-na-plasty-suzuki-rmz-450-2018-2026-rmz-250-2019-2026\/#breadcrumb","itemListElement":[{"@type":"ListItem","position":1,"name":"Domovsk\u00e1 str\u00e1nka","item":"https:\/\/motard-design.com\/de\/"},{"@type":"ListItem","position":2,"name":"Shop","item":"https:\/\/motard-design.com\/de\/shop\/"},{"@type":"ListItem","position":3,"name":"Sada skrutiek na plasty Suzuki RMZ 450 2018-2026 RMZ 250 2019-2026"}]},{"@type":"WebSite","@id":"https:\/\/motard-design.com\/#website","url":"https:\/\/motard-design.com\/","name":"Motard Design","description":"Motocross Graphics Decals","potentialAction":[{"@type":"SearchAction","target":{"@type":"EntryPoint","urlTemplate":"https:\/\/motard-design.com\/?s={search_term_string}"},"query-input":{"@type":"PropertyValueSpecification","valueRequired":true,"valueName":"search_term_string"}}],"inLanguage":"de"}]},"product_price_amount":"25.00","product_price_currency":"EUR","og_availability":"instock","product_availability":"instock","product_condition":"new"},"_links":{"self":[{"href":"https:\/\/motard-design.com\/de\/wp-json\/wp\/v2\/product\/22894","targetHints":{"allow":["GET"]}}],"collection":[{"href":"https:\/\/motard-design.com\/de\/wp-json\/wp\/v2\/product"}],"about":[{"href":"https:\/\/motard-design.com\/de\/wp-json\/wp\/v2\/types\/product"}],"wp:featuredmedia":[{"embeddable":true,"href":"https:\/\/motard-design.com\/de\/wp-json\/wp\/v2\/media\/15795"}],"wp:attachment":[{"href":"https:\/\/motard-design.com\/de\/wp-json\/wp\/v2\/media?parent=22894"}],"wp:term":[{"taxonomy":"product_brand","embeddable":true,"href":"https:\/\/motard-design.com\/de\/wp-json\/wp\/v2\/product_brand?post=22894"},{"taxonomy":"product_cat","embeddable":true,"href":"https:\/\/motard-design.com\/de\/wp-json\/wp\/v2\/product_cat?post=22894"},{"taxonomy":"product_tag","embeddable":true,"href":"https:\/\/motard-design.com\/de\/wp-json\/wp\/v2\/product_tag?post=22894"}],"curies":[{"name":"wp","href":"https:\/\/api.w.org\/{rel}","templated":true}]}}